{"id":7,"date":"2026-01-10T11:31:04","date_gmt":"2026-01-10T11:31:04","guid":{"rendered":"https:\/\/norrbottentimpurit.fi\/?page_id=7"},"modified":"2026-01-20T21:42:34","modified_gmt":"2026-01-20T19:42:34","slug":"norrbottentimpurit-fi","status":"publish","type":"page","link":"https:\/\/norrbottentimpurit.fi\/","title":{"rendered":""},"content":{"rendered":"\n<div class=\"wp-block-group alignfull is-style-ext-preset--group--natural-1--section has-base-background-color has-background has-global-padding is-layout-constrained wp-container-core-group-is-layout-3e3c5440 wp-block-group-is-layout-constrained\" style=\"margin-top:0;margin-bottom:0;padding-top:min(7rem,10vw);padding-bottom:min(7rem,10vw)\">\n<div class=\"wp-block-columns alignwide is-layout-flex wp-container-core-columns-is-layout-47c06fe3 wp-block-columns-is-layout-flex\">\n<div class=\"wp-block-column is-vertically-aligned-stretch is-layout-flow wp-container-core-column-is-layout-119bc444 wp-block-column-is-layout-flow\">\n<div class=\"wp-block-group is-style-ext-preset--group--natural-1--item-card-1--align-start has-global-padding is-layout-constrained wp-block-group-is-layout-constrained\">\n<div class=\"wp-block-group is-style-default has-global-padding is-layout-constrained wp-block-group-is-layout-constrained\">\n<div class=\"wp-block-group is-nowrap is-layout-flex wp-container-core-group-is-layout-37e27054 wp-block-group-is-layout-flex\" style=\"padding-top:0;padding-right:0;padding-bottom:0;padding-left:0\">\n<figure class=\"wp-block-image size-large ext-aspect-landscape wp-duotone-varpresetduotoneprimary-foreground-1\"><img decoding=\"async\" src=\"data:image\/svg+xml;base64,PHN2ZyB4bWxucz0iaHR0cDovL3d3dy53My5vcmcvMjAwMC9zdmciIHdpZHRoPSI0OCIgaGVpZ2h0PSI0OCIgZmlsbD0iIzAwMDAwMCIgdmlld0JveD0iMCAwIDI1NiAyNTYiPjxwYXRoIGQ9Ik0xNzIsNzZhNDQsNDQsMCwxLDAtNDQsNDRBNDQuMDUsNDQuMDUsMCwwLDAsMTcyLDc2Wm0tNDQsMjhhMjgsMjgsMCwxLDEsMjgtMjhBMjgsMjgsMCwwLDEsMTI4LDEwNFptNjAsMjRhNDQsNDQsMCwxLDAsNDQsNDRBNDQuMDUsNDQuMDUsMCwwLDAsMTg4LDEyOFptMCw3MmEyOCwyOCwwLDEsMSwyOC0yOEEyOCwyOCwwLDAsMSwxODgsMjAwWk02OCwxMjhhNDQsNDQsMCwxLDAsNDQsNDRBNDQuMDUsNDQuMDUsMCwwLDAsNjgsMTI4Wm0wLDcyYTI4LDI4LDAsMSwxLDI4LTI4QTI4LDI4LDAsMCwxLDY4LDIwMFoiPjwvcGF0aD48L3N2Zz4=\" alt=\"\" style=\"object-fit:cover\"\/><\/figure>\n\n\n\n<div class=\"wp-block-group wp-container-content-958eb9dc has-global-padding is-layout-constrained wp-container-core-group-is-layout-c06d165c wp-block-group-is-layout-constrained\" style=\"padding-top:0;padding-right:0;padding-bottom:0;padding-left:0\">\n<h3 class=\"wp-block-heading\">Tarvitsetko tekij\u00f6it\u00e4 ty\u00f6maalle?<\/h3>\n\n\n\n<p>Etsitk\u00f6 luotettavaa aliurakoitsijaa seuraavaan projektiisi? Ota yhteytt\u00e4 ja pyyd\u00e4 tarjous resursoinnista. R\u00e4\u00e4t\u00e4l\u00f6imme tiimin tarpeidesi mukaan.<\/p>\n<\/div>\n<\/div>\n<\/div>\n<\/div>\n<\/div>\n\n\n\n<div class=\"wp-block-column is-vertically-aligned-stretch is-layout-flow wp-container-core-column-is-layout-119bc444 wp-block-column-is-layout-flow\">\n<div class=\"wp-block-group is-style-ext-preset--group--natural-1--item-card-1--align-start has-global-padding is-layout-constrained wp-block-group-is-layout-constrained\">\n<div class=\"wp-block-group is-style-default has-global-padding is-layout-constrained wp-block-group-is-layout-constrained\">\n<div class=\"wp-block-group is-nowrap is-layout-flex wp-container-core-group-is-layout-37e27054 wp-block-group-is-layout-flex\" style=\"padding-top:0;padding-right:0;padding-bottom:0;padding-left:0\">\n<figure class=\"wp-block-image size-large ext-aspect-landscape wp-duotone-varpresetduotoneprimary-foreground-2\"><img decoding=\"async\" src=\"data:image\/svg+xml;base64,PHN2ZyB4bWxucz0iaHR0cDovL3d3dy53My5vcmcvMjAwMC9zdmciIHdpZHRoPSI0OCIgaGVpZ2h0PSI0OCIgZmlsbD0iIzAwMDAwMCIgdmlld0JveD0iMCAwIDI1NiAyNTYiPjxwYXRoIGQ9Ik04MCw0MGE0MCw0MCwwLDEsMCw0MCw0MEE0MCw0MCwwLDAsMCw4MCw0MFptMCw2NGEyNCwyNCwwLDEsMSwyNC0yNEEyNCwyNCwwLDAsMSw4MCwxMDRabTk2LDE2YTQwLDQwLDAsMSwwLTQwLTQwQTQwLDQwLDAsMCwwLDE3NiwxMjBabTAtNjRhMjQsMjQsMCwxLDEtMjQsMjRBMjQsMjQsMCwwLDEsMTc2LDU2Wk04MCwxMzZhNDAsNDAsMCwxLDAsNDAsNDBBNDAsNDAsMCwwLDAsODAsMTM2Wm0wLDY0YTI0LDI0LDAsMSwxLDI0LTI0QTI0LDI0LDAsMCwxLDgwLDIwMFptOTYtNjRhNDAsNDAsMCwxLDAsNDAsNDBBNDAsNDAsMCwwLDAsMTc2LDEzNlptMCw2NGEyNCwyNCwwLDEsMSwyNC0yNEEyNCwyNCwwLDAsMSwxNzYsMjAwWiI+PC9wYXRoPjwvc3ZnPg==\" alt=\"\" style=\"object-fit:cover\"\/><\/figure>\n\n\n\n<div class=\"wp-block-group wp-container-content-958eb9dc has-global-padding is-layout-constrained wp-container-core-group-is-layout-c06d165c wp-block-group-is-layout-constrained\" style=\"padding-top:0;padding-right:0;padding-bottom:0;padding-left:0\">\n\n\n<figure class=\"wp-block-image size-full\"><a href=\"https:\/\/zeckit.com\/selvitys\/FI\/2806162-2?lang=fi\"><img loading=\"lazy\" decoding=\"async\" width=\"550\" height=\"242\" src=\"https:\/\/norrbottentimpurit.fi\/wp-content\/uploads\/2026\/01\/luotettava-kumppani-logo-musta-valkoinen-tausta.png\" alt=\"\" class=\"wp-image-19\" srcset=\"https:\/\/norrbottentimpurit.fi\/wp-content\/uploads\/2026\/01\/luotettava-kumppani-logo-musta-valkoinen-tausta.png 550w, https:\/\/norrbottentimpurit.fi\/wp-content\/uploads\/2026\/01\/luotettava-kumppani-logo-musta-valkoinen-tausta-300x132.png 300w\" sizes=\"auto, (max-width: 550px) 100vw, 550px\" \/><\/a><\/figure>\n\n\n<\/div>\n<\/div>\n<\/div>\n<\/div>\n<\/div>\n\n\n\n<div class=\"wp-block-column is-vertically-aligned-stretch is-layout-flow wp-container-core-column-is-layout-119bc444 wp-block-column-is-layout-flow\">\n<div class=\"wp-block-group is-style-ext-preset--group--natural-1--item-card-1--align-start has-global-padding is-layout-constrained wp-block-group-is-layout-constrained\">\n<div class=\"wp-block-group is-style-default has-global-padding is-layout-constrained wp-block-group-is-layout-constrained\">\n<div class=\"wp-block-group is-nowrap is-layout-flex wp-container-core-group-is-layout-37e27054 wp-block-group-is-layout-flex\" style=\"padding-top:0;padding-right:0;padding-bottom:0;padding-left:0\">\n<figure class=\"wp-block-image size-large ext-aspect-landscape wp-duotone-varpresetduotoneprimary-foreground-3\"><img decoding=\"async\" src=\"data:image\/svg+xml;base64,PHN2ZyB4bWxucz0iaHR0cDovL3d3dy53My5vcmcvMjAwMC9zdmciIHdpZHRoPSI0OCIgaGVpZ2h0PSI0OCIgZmlsbD0iIzAwMDAwMCIgdmlld0JveD0iMCAwIDI1NiAyNTYiPjxwYXRoIGQ9Ik04MCw0MGE0MCw0MCwwLDEsMCw0MCw0MEE0MCw0MCwwLDAsMCw4MCw0MFptMCw2NGEyNCwyNCwwLDEsMSwyNC0yNEEyNCwyNCwwLDAsMSw4MCwxMDRabTk2LDE2YTQwLDQwLDAsMSwwLTQwLTQwQTQwLDQwLDAsMCwwLDE3NiwxMjBabTAtNjRhMjQsMjQsMCwxLDEtMjQsMjRBMjQsMjQsMCwwLDEsMTc2LDU2Wk04MCwxMzZhNDAsNDAsMCwxLDAsNDAsNDBBNDAsNDAsMCwwLDAsODAsMTM2Wm0wLDY0YTI0LDI0LDAsMSwxLDI0LTI0QTI0LDI0LDAsMCwxLDgwLDIwMFptMTM2LTI0YTgsOCwwLDAsMS04LDhIMTg0djI0YTgsOCwwLDAsMS0xNiwwVjE4NEgxNDRhOCw4LDAsMCwxLDAtMTZoMjRWMTQ0YTgsOCwwLDAsMSwxNiwwdjI0aDI0QTgsOCwwLDAsMSwyMTYsMTc2WiI+PC9wYXRoPjwvc3ZnPg==\" alt=\"\" style=\"object-fit:cover\"\/><\/figure>\n\n\n\n<div class=\"wp-block-group wp-container-content-958eb9dc has-global-padding is-layout-constrained wp-container-core-group-is-layout-c06d165c wp-block-group-is-layout-constrained\" style=\"padding-top:0;padding-right:0;padding-bottom:0;padding-left:0\">\n<h3 class=\"wp-block-heading\">Ota yhteytt\u00e4 meihin<\/h3>\n\n\n\n<p><a href=\"tel:+358447348943\" data-type=\"tel\" data-id=\"tel:+358447348943\">Soita meille: 044 734 8943<\/a><\/p>\n\n\n\n<p data-wp-context---core-fit-text=\"core\/fit-text::{&quot;fontSize&quot;:&quot;&quot;}\" data-wp-init---core-fit-text=\"core\/fit-text::callbacks.init\" data-wp-interactive data-wp-style--font-size=\"core\/fit-text::context.fontSize\" class=\"has-fit-text\">S\u00e4hk\u00f6posti: <a href=\"mailto:jari.hekkanen@norrbottentimpurit.fi\">jari.hekkanen@norrbottentimpurit.fi<\/a><\/p>\n<\/div>\n<\/div>\n<\/div>\n<\/div>\n<\/div>\n<\/div>\n<\/div>\n\n\n\n<div class=\"wp-block-group alignfull is-style-ext-preset--group--natural-1--section has-accent-1-background-color has-background has-global-padding is-layout-constrained wp-container-core-group-is-layout-ee8c01cb wp-block-group-is-layout-constrained\" style=\"margin-top:0;margin-bottom:0;padding-top:min(7rem,10vw);padding-bottom:min(7rem,10vw)\">\n<div class=\"wp-block-group alignwide is-vertical is-content-justification-center is-layout-flex wp-container-core-group-is-layout-335b1c95 wp-block-group-is-layout-flex\">\n<div class=\"wp-block-group has-global-padding is-layout-constrained wp-container-core-group-is-layout-2287c683 wp-block-group-is-layout-constrained\">\n<h2 class=\"wp-block-heading has-text-align-center\">Osaavaa ty\u00f6voimaa rakennusprojekteihin \u2013 Pohjoismaisella asenteella.<\/h2>\n\n\n\n<p class=\"has-text-align-center\">Norrbotten Timpurit on kasvava rakennusalan aliurakointikumppani. V\u00e4lit\u00e4mme ammattitaitoiset kirvesmiehet ja raudoittajat ty\u00f6maallesi t\u00e4ysin varusteltuina. Toimimme joustavasti Pohjois-Suomen ja Pohjois-Ruotsin alueella sek\u00e4 sopimuksen mukaan Etel\u00e4-Suomen kohteissa.<\/p>\n<\/div>\n<\/div>\n\n\n\n<div class=\"wp-block-columns alignwide is-layout-flex wp-container-core-columns-is-layout-28f84493 wp-block-columns-is-layout-flex\">\n<div class=\"wp-block-column is-layout-flow wp-block-column-is-layout-flow\">\n<figure class=\"wp-block-image size-large is-style-ext-preset-image-natural-1-image-1--content-bottom is-style-ext-preset--image--natural-1--image-1--content-bottom\"><img loading=\"lazy\" decoding=\"async\" width=\"1024\" height=\"1024\" src=\"https:\/\/norrbottentimpurit.fi\/wp-content\/uploads\/2026\/01\/IMG_20221213_115348-2-1024x1024.jpg\" alt=\"\" class=\"wp-image-10\" style=\"aspect-ratio:3\/4;object-fit:cover\" srcset=\"https:\/\/norrbottentimpurit.fi\/wp-content\/uploads\/2026\/01\/IMG_20221213_115348-2-1024x1024.jpg 1024w, https:\/\/norrbottentimpurit.fi\/wp-content\/uploads\/2026\/01\/IMG_20221213_115348-2-300x300.jpg 300w, https:\/\/norrbottentimpurit.fi\/wp-content\/uploads\/2026\/01\/IMG_20221213_115348-2-150x150.jpg 150w, https:\/\/norrbottentimpurit.fi\/wp-content\/uploads\/2026\/01\/IMG_20221213_115348-2-768x768.jpg 768w, https:\/\/norrbottentimpurit.fi\/wp-content\/uploads\/2026\/01\/IMG_20221213_115348-2-1536x1536.jpg 1536w, https:\/\/norrbottentimpurit.fi\/wp-content\/uploads\/2026\/01\/IMG_20221213_115348-2-2048x2048.jpg 2048w\" sizes=\"auto, (max-width: 1024px) 100vw, 1024px\" \/><\/figure>\n<\/div>\n\n\n\n<div class=\"wp-block-column is-layout-flow wp-block-column-is-layout-flow\">\n<figure class=\"wp-block-image size-large is-style-ext-preset-image-natural-1-image-1--content-bottom is-style-ext-preset--image--natural-1--image-1--content-bottom\"><img loading=\"lazy\" decoding=\"async\" width=\"1024\" height=\"1024\" src=\"https:\/\/norrbottentimpurit.fi\/wp-content\/uploads\/2026\/01\/IMG_20220520_094840-1024x1024.jpg\" alt=\"\" class=\"wp-image-9\" style=\"aspect-ratio:3\/4;object-fit:cover\" srcset=\"https:\/\/norrbottentimpurit.fi\/wp-content\/uploads\/2026\/01\/IMG_20220520_094840-1024x1024.jpg 1024w, https:\/\/norrbottentimpurit.fi\/wp-content\/uploads\/2026\/01\/IMG_20220520_094840-300x300.jpg 300w, https:\/\/norrbottentimpurit.fi\/wp-content\/uploads\/2026\/01\/IMG_20220520_094840-150x150.jpg 150w, https:\/\/norrbottentimpurit.fi\/wp-content\/uploads\/2026\/01\/IMG_20220520_094840-768x768.jpg 768w, https:\/\/norrbottentimpurit.fi\/wp-content\/uploads\/2026\/01\/IMG_20220520_094840-1536x1536.jpg 1536w, https:\/\/norrbottentimpurit.fi\/wp-content\/uploads\/2026\/01\/IMG_20220520_094840-2048x2048.jpg 2048w\" sizes=\"auto, (max-width: 1024px) 100vw, 1024px\" \/><\/figure>\n<\/div>\n\n\n\n<div class=\"wp-block-column is-layout-flow wp-block-column-is-layout-flow\">\n<figure class=\"wp-block-image size-large is-style-ext-preset-image-natural-1-image-1--content-bottom is-style-ext-preset--image--natural-1--image-1--content-bottom\"><img loading=\"lazy\" decoding=\"async\" width=\"819\" height=\"1024\" src=\"https:\/\/norrbottentimpurit.fi\/wp-content\/uploads\/2026\/01\/IMG_20211216_125-819x1024.jpg\" alt=\"\" class=\"wp-image-13\" style=\"aspect-ratio:3\/4;object-fit:cover\" srcset=\"https:\/\/norrbottentimpurit.fi\/wp-content\/uploads\/2026\/01\/IMG_20211216_125-819x1024.jpg 819w, https:\/\/norrbottentimpurit.fi\/wp-content\/uploads\/2026\/01\/IMG_20211216_125-240x300.jpg 240w, https:\/\/norrbottentimpurit.fi\/wp-content\/uploads\/2026\/01\/IMG_20211216_125-768x960.jpg 768w, https:\/\/norrbottentimpurit.fi\/wp-content\/uploads\/2026\/01\/IMG_20211216_125-1229x1536.jpg 1229w, https:\/\/norrbottentimpurit.fi\/wp-content\/uploads\/2026\/01\/IMG_20211216_125-1639x2048.jpg 1639w, https:\/\/norrbottentimpurit.fi\/wp-content\/uploads\/2026\/01\/IMG_20211216_125.jpg 1818w\" sizes=\"auto, (max-width: 819px) 100vw, 819px\" \/><\/figure>\n<\/div>\n<\/div>\n<\/div>\n\n\n\n<div class=\"wp-block-group alignfull is-style-ext-preset--group--natural-1--section has-base-background-color has-background has-global-padding is-layout-constrained wp-container-core-group-is-layout-3e3c5440 wp-block-group-is-layout-constrained\" style=\"margin-top:0;margin-bottom:0;padding-top:min(7rem,10vw);padding-bottom:min(7rem,10vw)\">\n<div class=\"wp-block-group alignwide is-vertical is-layout-flex wp-container-core-group-is-layout-355c4241 wp-block-group-is-layout-flex\">\n<div class=\"wp-block-group has-global-padding is-layout-constrained wp-container-core-group-is-layout-5e05634a wp-block-group-is-layout-constrained\">\n\n<\/div>\n<\/div>\n\n\n\n<div class=\"wp-block-columns alignwide is-layout-flex wp-container-core-columns-is-layout-174606dc wp-block-columns-is-layout-flex\">\n<div class=\"wp-block-column is-vertically-aligned-stretch is-layout-flow wp-container-core-column-is-layout-5dafc681 wp-block-column-is-layout-flow\">\n<div class=\"wp-block-cover is-light is-style-ext-preset--image--natural-1--image-1--content-bottom\" style=\"padding-top:0;padding-bottom:0;min-height:100%;aspect-ratio:unset;\"><img loading=\"lazy\" decoding=\"async\" width=\"1024\" height=\"505\" class=\"wp-block-cover__image-background wp-image-18 size-large\" alt=\"\" src=\"https:\/\/norrbottentimpurit.fi\/wp-content\/uploads\/2026\/01\/IMG_20230126_093126-1024x505.jpg\" data-object-fit=\"cover\" srcset=\"https:\/\/norrbottentimpurit.fi\/wp-content\/uploads\/2026\/01\/IMG_20230126_093126-1024x505.jpg 1024w, https:\/\/norrbottentimpurit.fi\/wp-content\/uploads\/2026\/01\/IMG_20230126_093126-300x148.jpg 300w, https:\/\/norrbottentimpurit.fi\/wp-content\/uploads\/2026\/01\/IMG_20230126_093126-768x379.jpg 768w, https:\/\/norrbottentimpurit.fi\/wp-content\/uploads\/2026\/01\/IMG_20230126_093126-1536x757.jpg 1536w, https:\/\/norrbottentimpurit.fi\/wp-content\/uploads\/2026\/01\/IMG_20230126_093126-2048x1010.jpg 2048w\" sizes=\"auto, (max-width: 1024px) 100vw, 1024px\" \/><span aria-hidden=\"true\" class=\"wp-block-cover__background has-background-dim-0 has-background-dim\" style=\"background-color:#909698\"><\/span><div class=\"wp-block-cover__inner-container is-layout-flow wp-block-cover-is-layout-flow\">\n<div style=\"height:240px\" aria-hidden=\"true\" class=\"wp-block-spacer\"><\/div>\n<\/div><\/div>\n<\/div>\n\n\n\n<div class=\"wp-block-column is-vertically-aligned-center is-layout-flow wp-block-column-is-layout-flow\">\n<div class=\"wp-block-columns is-layout-flex wp-container-core-columns-is-layout-08c01c1c wp-block-columns-is-layout-flex\">\n<div class=\"wp-block-column is-vertically-aligned-stretch is-layout-flow wp-block-column-is-layout-flow\">\n<div class=\"wp-block-group is-style-ext-preset--group--natural-1--item-card-1--align-start has-global-padding is-layout-constrained wp-block-group-is-layout-constrained\">\n<div class=\"wp-block-group is-style-default has-global-padding is-layout-constrained wp-block-group-is-layout-constrained\">\n<h3 class=\"wp-block-heading has-contrast-color has-text-color has-link-color has-xx-large-font-size wp-elements-9f8cce25885c30d7d38d11f8d213b6a1\">Referenssit:<\/h3>\n\n\n\n<p>Teollisuus- ja liikerakentamisen urakoita sek\u00e4 vaativia majoitus- ja lomarakennuskohteita Pohjois-Suomessa.<br>Yli 10 vuoden kokemus rakennusurakoinnista ja ty\u00f6njohdosta.<br>Tarkemmat referenssit toimitetaan pyydett\u00e4ess\u00e4.<\/p>\n\n\n\n\n\n<div class=\"wp-block-columns is-layout-flex wp-container-core-columns-is-layout-28f84493 wp-block-columns-is-layout-flex\">\n<div class=\"wp-block-column is-layout-flow wp-block-column-is-layout-flow\" style=\"flex-basis:100%\">\n<div class=\"wp-block-group is-nowrap is-layout-flex wp-container-core-group-is-layout-6c531013 wp-block-group-is-layout-flex\">\n<ul class=\"wp-block-list\">\n<li>Tornion sataman laajennuksen betonity\u00f6t (Terramare Oy)<\/li>\n\n\n\n<li>Palvelutalon rakennus kokonaisuudessaan (Peab Oy)<\/li>\n\n\n\n<li>Jounin kaupan perustusurakka (LTR Oy)<\/li>\n\n\n\n<li>Lapin Kumin hallin perustusurakka, v\u00e4est\u00f6nsuoja raudoituksineen (Rakennusliike Lehto Oy)<\/li>\n\n\n\n<li>Lapin Urheiluopiston julkisivun pellitysurakka sisustust\u00f6ineen (TKS-Nord Rakentajat Oy)<\/li>\n\n\n\n<li>Tojo-Auto Keminmaa (Lehto Tila Oy)<\/li>\n\n\n\n<li>Kerrostalon raudoitusty\u00f6t, Oulu (Bonava Oy)<\/li>\n\n\n\n<li>Bonava Suomi Oy<\/li>\n<\/ul>\n<\/div>\n<\/div>\n<\/div>\n\n\n<\/div>\n<\/div>\n<\/div>\n<\/div>\n\n\n\n<div class=\"wp-block-columns is-layout-flex wp-container-core-columns-is-layout-08c01c1c wp-block-columns-is-layout-flex\">\n<div class=\"wp-block-column is-vertically-aligned-stretch is-layout-flow wp-block-column-is-layout-flow\">\n<div class=\"wp-block-group is-style-ext-preset--group--natural-1--item-card-1--align-start has-global-padding is-layout-constrained wp-block-group-is-layout-constrained\">\n<div class=\"wp-block-group is-style-default has-global-padding is-layout-constrained wp-block-group-is-layout-constrained\">\n\n\n\n<\/div>\n<\/div>\n<\/div>\n\n\n\n<div class=\"wp-block-column is-vertically-aligned-stretch is-layout-flow wp-block-column-is-layout-flow\">\n<div class=\"wp-block-group is-style-ext-preset--group--natural-1--item-card-1--align-start has-global-padding is-layout-constrained wp-block-group-is-layout-constrained\">\n<div class=\"wp-block-group is-style-default has-global-padding is-layout-constrained wp-block-group-is-layout-constrained\">\n\n\n\n<\/div>\n<\/div>\n<\/div>\n<\/div>\n<\/div>\n<\/div>\n<\/div>\n\n\n\n<div class=\"wp-block-group alignfull is-style-ext-preset--group--natural-1--section has-accent-1-background-color has-background has-global-padding is-layout-constrained wp-container-core-group-is-layout-3e3c5440 wp-block-group-is-layout-constrained\" style=\"margin-top:0;margin-bottom:0;padding-top:min(7rem,10vw);padding-bottom:min(7rem,10vw)\">\n<div class=\"wp-block-group alignwide is-vertical is-content-justification-center is-layout-flex wp-container-core-group-is-layout-335b1c95 wp-block-group-is-layout-flex\">\n<div class=\"wp-block-group has-global-padding is-layout-constrained wp-container-core-group-is-layout-2287c683 wp-block-group-is-layout-constrained\">\n<h2 class=\"wp-block-heading has-text-align-center\">Yhteystiedot<\/h2>\n\n\n\n<p class=\"has-text-align-center\">Kivalontie 286, 94500 Lautiosaari, Keminmaa<\/p>\n\n\n\n<p class=\"has-text-align-center\"><\/p>\n<\/div>\n<\/div>\n\n\n\n<div class=\"wp-block-columns alignwide is-layout-flex wp-container-core-columns-is-layout-47c06fe3 wp-block-columns-is-layout-flex\">\n<div class=\"wp-block-column is-layout-flow wp-block-column-is-layout-flow\">\n<div class=\"wp-block-group is-style-ext-preset--group--natural-1--item-card-1--align-center has-global-padding is-layout-constrained wp-block-group-is-layout-constrained\">\n<div class=\"wp-block-group is-style-default has-global-padding is-layout-constrained wp-block-group-is-layout-constrained\">\n<p class=\"has-text-align-center\" style=\"margin-top:var(--wp--preset--spacing--40);margin-bottom:24px;font-size:clamp(14px, 0.875rem + ((1vw - 3.2px) * 0.392), 18px);\">Puhelinnumero: <a href=\"tel:+358447348943\" data-type=\"tel\" data-id=\"tel:+358447348943\">Jari Hekkanen +358 44 734 8943<\/a><br>S\u00e4hk\u00f6postiosoite: <a href=\"mailto:jari.hekkanen@norrbottentimpurit.fi\">jari.hekkanen@norrbottentimpurit.fi<\/a><\/p>\n\n\n\n<p class=\"has-text-align-center\" style=\"margin-top:var(--wp--preset--spacing--40);margin-bottom:24px;font-size:clamp(14px, 0.875rem + ((1vw - 3.2px) * 0.392), 18px);\">Verkkolaskuosoite:<br>OVT-tunnus: 003728061622<br>Operaattoritunnus: 003721291126 (Maventa)<\/p>\n\n\n\n<p class=\"has-text-align-center\" style=\"margin-top:var(--wp--preset--spacing--40);margin-bottom:24px;font-size:clamp(14px, 0.875rem + ((1vw - 3.2px) * 0.392), 18px);\">Jos yrityksell\u00e4nne ei ole mahdollisuutta l\u00e4hett\u00e4\u00e4 verkkolaskuja, otamme laskunne vastaan s\u00e4hk\u00f6posti- tai paperilaskuna.<br>Laskut s\u00e4hk\u00f6postilla: <a href=\"mailto:jari.hekkanen@norrbottentimpurit.fi\">jari.hekkanen@norrbottentimpurit.fi<\/a><br>Paperilaskut osoitteeseen:<br>Jari Hekkanen<br>F\u00e5gelv\u00e4gen 7<br>953 35 Haparanda, Sverige<\/p>\n\n\n\n<p class=\"has-text-align-center\"><br><a href=\"https:\/\/tietopalvelu.ytj.fi\/yritys\/2806162-2\">Y-tunnus: 2806162-2<\/a><\/p>\n\n\n\n<div class=\"wp-block-group is-vertical is-content-justification-center is-nowrap is-layout-flex wp-container-core-group-is-layout-551449e9 wp-block-group-is-layout-flex\" style=\"padding-top:0;padding-right:0;padding-bottom:0;padding-left:0\">\n<div class=\"wp-block-group has-global-padding is-layout-constrained wp-container-core-group-is-layout-fe9d9fd4 wp-block-group-is-layout-constrained\" style=\"padding-top:0;padding-right:0;padding-bottom:0;padding-left:0\"><\/div>\n<\/div>\n<\/div>\n<\/div>\n<\/div>\n<\/div>\n<\/div>\n\n\n\n<div class=\"wp-block-group alignfull is-style-ext-preset--group--natural-1--section has-base-background-color has-background has-global-padding is-layout-constrained wp-container-core-group-is-layout-e96f6837 wp-block-group-is-layout-constrained\" style=\"margin-top:0;margin-bottom:0;padding-top:0;padding-right:0;padding-bottom:0;padding-left:0\">\n<div class=\"wp-block-cover alignfull is-style-ext-preset--cover--natural-1--cover-overlay-1\" style=\"padding-top:min(7rem,10vw);padding-right:var(--wp--preset--spacing--40);padding-bottom:min(7rem,10vw);padding-left:var(--wp--preset--spacing--40)\"><img decoding=\"async\" class=\"wp-block-cover__image-background wp-image-21\" alt=\"\" src=\"https:\/\/norrbottentimpurit.fi\/wp-content\/uploads\/2026\/01\/photo-1589939705384-5185137a7f0f-scaled.jpg\" data-object-fit=\"cover\"\/><span aria-hidden=\"true\" class=\"wp-block-cover__background has-background-dim-80 has-background-dim\" style=\"background-color:#010101\"><\/span><div class=\"wp-block-cover__inner-container has-global-padding is-layout-constrained wp-container-core-cover-is-layout-9438becc wp-block-cover-is-layout-constrained\">\n<div class=\"wp-block-group alignwide is-vertical is-content-justification-center is-layout-flex wp-container-core-group-is-layout-335b1c95 wp-block-group-is-layout-flex\">\n<div class=\"wp-block-group has-global-padding is-layout-constrained wp-container-core-group-is-layout-2287c683 wp-block-group-is-layout-constrained\">\n<h2 class=\"wp-block-heading has-text-align-center\">Aloita rakennusprojektisi kanssamme nyt<\/h2>\n\n\n\n<p class=\"has-text-align-center\">Hanki ammattitaitoista tukea suurempiin rakennusurakoihin \u2013 ota yhteytt\u00e4 ja varmista luotettavat alihankintaratkaisut Norrbotten Timpureilta.<\/p>\n<\/div>\n\n\n\n<div class=\"wp-block-buttons is-layout-flex wp-block-buttons-is-layout-flex\"><\/div>\n<\/div>\n<\/div><\/div>\n<\/div>\n","protected":false},"excerpt":{"rendered":"<p>Tarvitsetko tekij\u00f6it\u00e4 ty\u00f6maalle? Etsitk\u00f6 luotettavaa aliurakoitsijaa seuraavaan projektiisi? Ota yhteytt\u00e4 ja pyyd\u00e4 tarjous resursoinnista. R\u00e4\u00e4t\u00e4l\u00f6imme tiimin tarpeidesi mukaan. Ota yhteytt\u00e4 meihin Soita meille: 044 734 8943 S\u00e4hk\u00f6posti: jari.hekkanen@norrbottentimpurit.fi Osaavaa ty\u00f6voimaa rakennusprojekteihin \u2013 Pohjoismaisella asenteella. Norrbotten Timpurit on kasvava rakennusalan aliurakointikumppani. V\u00e4lit\u00e4mme ammattitaitoiset kirvesmiehet ja raudoittajat ty\u00f6maallesi t\u00e4ysin varusteltuina. Toimimme joustavasti Pohjois-Suomen ja Pohjois-Ruotsin alueella sek\u00e4 [&hellip;]<\/p>\n","protected":false},"author":1,"featured_media":67,"parent":0,"menu_order":0,"comment_status":"closed","ping_status":"closed","template":"","meta":{"footnotes":""},"class_list":["post-7","page","type-page","status-publish","has-post-thumbnail","hentry"],"_links":{"self":[{"href":"https:\/\/norrbottentimpurit.fi\/index.php?rest_route=\/wp\/v2\/pages\/7","targetHints":{"allow":["GET"]}}],"collection":[{"href":"https:\/\/norrbottentimpurit.fi\/index.php?rest_route=\/wp\/v2\/pages"}],"about":[{"href":"https:\/\/norrbottentimpurit.fi\/index.php?rest_route=\/wp\/v2\/types\/page"}],"author":[{"embeddable":true,"href":"https:\/\/norrbottentimpurit.fi\/index.php?rest_route=\/wp\/v2\/users\/1"}],"replies":[{"embeddable":true,"href":"https:\/\/norrbottentimpurit.fi\/index.php?rest_route=%2Fwp%2Fv2%2Fcomments&post=7"}],"version-history":[{"count":20,"href":"https:\/\/norrbottentimpurit.fi\/index.php?rest_route=\/wp\/v2\/pages\/7\/revisions"}],"predecessor-version":[{"id":76,"href":"https:\/\/norrbottentimpurit.fi\/index.php?rest_route=\/wp\/v2\/pages\/7\/revisions\/76"}],"wp:featuredmedia":[{"embeddable":true,"href":"https:\/\/norrbottentimpurit.fi\/index.php?rest_route=\/wp\/v2\/media\/67"}],"wp:attachment":[{"href":"https:\/\/norrbottentimpurit.fi\/index.php?rest_route=%2Fwp%2Fv2%2Fmedia&parent=7"}],"curies":[{"name":"wp","href":"https:\/\/api.w.org\/{rel}","templated":true}]}}